{"id":2,"date":"2016-05-10T03:48:21","date_gmt":"2016-05-10T03:48:21","guid":{"rendered":"http:\/\/lembke.cc\/?page_id=2"},"modified":"2022-06-22T08:02:03","modified_gmt":"2022-06-22T08:02:03","slug":"sample-page","status":"publish","type":"page","link":"http:\/\/lembke.cc\/","title":{"rendered":"Kunst Wein"},"content":{"rendered":"<p><strong>Show- und Projektraum \u00a0\u00a0\u00a0\u00a0\u00a0\u00a0\u00a0\u00a0\u00a0\u00a0\u00a0\u00a0 <a href=\"http:\/\/lembke.cc\/?attachment_id=233\" target=\"_blank\" rel=\"http:\/\/lembke.cc\/?p=212 noopener\"><span style=\"font-size: x-large;\">! N E W S !<\/span><\/a><\/strong><br \/>\nChausseestr. 9, 14109 Berlin<\/p>\n<p><strong>Ge\u00f6ffnet nach Vereinbarung:<\/strong><br \/>\n0170 690 4994<\/p>\n<p>Weinbau und Ferienwohnung in S\u00fcdfrankreich hier: <a href=\"http:\/\/www.mastomas.fr\" target=\"_blank\" rel=\"noopener noreferrer\">MAS TOM\u00c1S<\/a><\/p>\n<p>Inhaber: Tom\u00e1s Manuel Lembke<br \/>\nWSET Diploma in Wines and Spirits<br \/>\nZertifikat der Freien Universit\u00e4t Berlin:<br \/>\nManagement im Kunstmarkt<\/p>\n","protected":false},"excerpt":{"rendered":"<p>Show- und Projektraum \u00a0\u00a0\u00a0\u00a0\u00a0\u00a0\u00a0\u00a0\u00a0\u00a0\u00a0\u00a0 ! N E W S ! Chausseestr. 9, 14109 Berlin Ge\u00f6ffnet nach Vereinbarung: 0170 690 4994 Weinbau und Ferienwohnung in S\u00fcdfrankreich hier: MAS TOM\u00c1S Inhaber: Tom\u00e1s Manuel Lembke WSET Diploma in Wines and Spirits Zertifikat der Freien Universit\u00e4t Berlin: Management im Kunstmarkt<\/p>\n","protected":false},"author":1,"featured_media":0,"parent":0,"menu_order":0,"comment_status":"closed","ping_status":"open","template":"","meta":[],"_links":{"self":[{"href":"http:\/\/lembke.cc\/index.php?rest_route=\/wp\/v2\/pages\/2"}],"collection":[{"href":"http:\/\/lembke.cc\/index.php?rest_route=\/wp\/v2\/pages"}],"about":[{"href":"http:\/\/lembke.cc\/index.php?rest_route=\/wp\/v2\/types\/page"}],"author":[{"embeddable":true,"href":"http:\/\/lembke.cc\/index.php?rest_route=\/wp\/v2\/users\/1"}],"replies":[{"embeddable":true,"href":"http:\/\/lembke.cc\/index.php?rest_route=%2Fwp%2Fv2%2Fcomments&post=2"}],"version-history":[{"count":50,"href":"http:\/\/lembke.cc\/index.php?rest_route=\/wp\/v2\/pages\/2\/revisions"}],"predecessor-version":[{"id":241,"href":"http:\/\/lembke.cc\/index.php?rest_route=\/wp\/v2\/pages\/2\/revisions\/241"}],"wp:attachment":[{"href":"http:\/\/lembke.cc\/index.php?rest_route=%2Fwp%2Fv2%2Fmedia&parent=2"}],"curies":[{"name":"wp","href":"https:\/\/api.w.org\/{rel}","templated":true}]}}